{"id":911,"date":"2020-06-23T19:41:22","date_gmt":"2020-06-23T17:41:22","guid":{"rendered":"https:\/\/activesc.se\/solleftea\/?page_id=911"},"modified":"2023-03-01T08:43:11","modified_gmt":"2023-03-01T07:43:11","slug":"sakerhets-och-trivselregler","status":"publish","type":"page","link":"https:\/\/activesc.se\/solleftea\/sakerhets-och-trivselregler\/","title":{"rendered":"S\u00e4kerhets och trivselregler"},"content":{"rendered":"\t\t<div data-elementor-type=\"wp-page\" data-elementor-id=\"911\" class=\"elementor elementor-911\" data-elementor-post-type=\"page\">\n\t\t\t\t\t\t<section class=\"elementor-section elementor-top-section elementor-element elementor-element-d151894 elementor-section-boxed elementor-section-height-default elementor-section-height-default\" data-id=\"d151894\" data-element_type=\"section\">\n\t\t\t\t\t\t<div class=\"elementor-container elementor-column-gap-default\">\n\t\t\t\t\t<div class=\"elementor-column elementor-col-100 elementor-top-column elementor-element elementor-element-54da8ede\" data-id=\"54da8ede\" data-element_type=\"column\">\n\t\t\t<div class=\"elementor-widget-wrap elementor-element-populated\">\n\t\t\t\t\t\t<div class=\"elementor-element elementor-element-51d20548 elementor-widget elementor-widget-text-editor\" data-id=\"51d20548\" data-element_type=\"widget\" data-widget_type=\"text-editor.default\">\n\t\t\t\t<div class=\"elementor-widget-container\">\n\t\t\t\t\t\t\t<br \/>\n\t\t\t\t\t\t<\/div>\n\t\t\t\t<\/div>\n\t\t\t\t\t<\/div>\n\t\t<\/div>\n\t\t\t\t\t<\/div>\n\t\t<\/section>\n\t\t\t\t<section class=\"elementor-section elementor-top-section elementor-element elementor-element-2341b31 elementor-section-boxed elementor-section-height-default elementor-section-height-default\" data-id=\"2341b31\" data-element_type=\"section\">\n\t\t\t\t\t\t<div class=\"elementor-container elementor-column-gap-default\">\n\t\t\t\t\t<div class=\"elementor-column elementor-col-100 elementor-top-column elementor-element elementor-element-5ae3e882\" data-id=\"5ae3e882\" data-element_type=\"column\">\n\t\t\t<div class=\"elementor-widget-wrap elementor-element-populated\">\n\t\t\t\t\t\t<div class=\"elementor-element elementor-element-76f8f0d8 elementor-widget elementor-widget-heading\" data-id=\"76f8f0d8\" data-element_type=\"widget\" data-widget_type=\"heading.default\">\n\t\t\t\t<div class=\"elementor-widget-container\">\n\t\t\t<h2 class=\"elementor-heading-title elementor-size-default\">S\u00e4kerhets och trivselregler<\/h2>\t\t<\/div>\n\t\t\t\t<\/div>\n\t\t\t\t<div class=\"elementor-element elementor-element-10b5a7a4 elementor-widget elementor-widget-heading\" data-id=\"10b5a7a4\" data-element_type=\"widget\" data-widget_type=\"heading.default\">\n\t\t\t\t<div class=\"elementor-widget-container\">\n\t\t\t<h2 class=\"elementor-heading-title elementor-size-default\">Som medlem p\u00e5 Active Sports Club ska du uppleva gl\u00e4dje, passion, personlighet, pro\ufb00sighet och gemenskap varje g\u00e5ng du tr\u00e4nar eller bes\u00f6ker v\u00e5ra tr\u00e4nings- och friskv\u00e5rdsanl\u00e4ggningar.<\/h2>\t\t<\/div>\n\t\t\t\t<\/div>\n\t\t\t\t<div class=\"elementor-element elementor-element-1d9203f elementor-widget elementor-widget-text-editor\" data-id=\"1d9203f\" data-element_type=\"widget\" data-widget_type=\"text-editor.default\">\n\t\t\t\t<div class=\"elementor-widget-container\">\n\t\t\t\t\t\t\tActive Sports Club v\u00e4rnar om en trevlig atmosf\u00e4r f\u00f6r alla m\u00e4nniskor i alla \u00e5ldrar. Vi ber dig d\u00e4rf\u00f6r att uppvisa en positiv, hj\u00e4lpsam och respektfull attityd till \u00f6vriga medlemmar, g\u00e4ster och personal.\t\t\t\t\t\t<\/div>\n\t\t\t\t<\/div>\n\t\t\t\t<div class=\"elementor-element elementor-element-2d6a90e4 elementor-widget elementor-widget-heading\" data-id=\"2d6a90e4\" data-element_type=\"widget\" data-widget_type=\"heading.default\">\n\t\t\t\t<div class=\"elementor-widget-container\">\n\t\t\t<h2 class=\"elementor-heading-title elementor-size-default\">S\u00e4kerhet<\/h2>\t\t<\/div>\n\t\t\t\t<\/div>\n\t\t\t\t<div class=\"elementor-element elementor-element-ba96444 elementor-widget elementor-widget-text-editor\" data-id=\"ba96444\" data-element_type=\"widget\" data-widget_type=\"text-editor.default\">\n\t\t\t\t<div class=\"elementor-widget-container\">\n\t\t\t\t\t\t\t<p><strong>Active Sports Club\u2019s regler f\u00f6r din och andra medlemmars s\u00e4kerhet<\/strong><\/p><ul><li>V\u00e4skor och ytterplagg-\/skor f\u00e5r inte medtagas i gymmet. Detta ska l\u00e5sas in i sk\u00e5p. Anv\u00e4nd ett l\u00e5s till sk\u00e5pet i omkl\u00e4dningsrummet, som du anser s\u00e4kert.<br \/><br \/><\/li><li>Undvik att l\u00e5sa in dina v\u00e4rdesaker i omkl\u00e4dningsrummet. Active Sports Club ansvarar inte f\u00f6r v\u00e4rdesaker.<br \/><br \/><\/li><li>Active Sports Club\u2019s personal genomf\u00f6r s\u00e4kerhetskontroll vid st\u00e4ngning. Detta inneb\u00e4r bl.a. att l\u00e5sta sk\u00e5p bryts upp och t\u00f6ms.<br \/><br \/><\/li><li>Du ska ha ett aktuellt foto av dig sj\u00e4lv i medlemssystemet f\u00f6r att kunna identi\ufb01era dig, d\u00e4r ansiktet syns tydligt. Undantag kan g\u00f6ras f\u00f6r personer med bevisad skyddad identitet.<br \/><br \/><\/li><li>V\u00e4ktare eller Active Sports Club\u2019s personal utf\u00f6r medlemskontroller, d\u00e4rf\u00f6r ska medlem alltid ha sitt medlemskort och id kort med sig i lokalen.<br \/><br \/><\/li><li>Endast betalande medlemmar f\u00f6r vistas p\u00e5 tr\u00e4ningsanl\u00e4ggningen.<br \/><br \/><\/li><li>Du f\u00e5r inte sl\u00e4ppa in eller ut n\u00e5gon annan \u00e4n sig sj\u00e4lv till tr\u00e4ningsanl\u00e4ggningen.<br \/><br \/><\/li><li>Barn och ungdomar under 15 \u00e5r f\u00e5r inte vistas p\u00e5 tr\u00e4ningsanl\u00e4ggningen utan s\u00e4llskap och under uppsikt av m\u00e5lsman.<br \/><br \/><\/li><li>Vid problem eller akuta (ej vid sjukdom) situationer ringer till Active Sports Club\u2019s jourtelefon eller n\u00e4rmast \u00f6ppna klubb.<br \/><br \/><\/li><li>Allt som \u00e4r f\u00f6rbjudet enligt svensk lag \u00e4r f\u00f6rbjudet p\u00e5 Active Sports Club. St\u00f6lder, hot, trakasserier och all annan olaglig verksamhet p\u00e5 Active Sports Club\u2019s tr\u00e4ningsanl\u00e4ggning, kommer att polisanm\u00e4las.<br \/><br \/><\/li><li>Du m\u00e5ste l\u00e4mna tr\u00e4ningsanl\u00e4ggningen senast vid st\u00e4ngning eller p\u00e5 anmodan fr\u00e5n Active Sports Club:s personal.<br \/><br \/><\/li><li>Du f\u00e5r inte f\u00f6rt\u00e4ra alkoholhaltiga drycker p\u00e5 tr\u00e4ningsanl\u00e4ggningen.<br \/><br \/><\/li><li>Absolut f\u00f6rbjudet att \u00f6ppna eller blockera n\u00f6dutg\u00e5ngarna.<br \/><br \/><\/li><li>F\u00f6lj alltid anvisningar fr\u00e5n Active Sports Club\u2019s personal.<br \/><br \/><\/li><li>Vid sjukdoms- eller skadefall ring alltid SOS 112.<\/li><\/ul>\t\t\t\t\t\t<\/div>\n\t\t\t\t<\/div>\n\t\t\t\t<div class=\"elementor-element elementor-element-70a8e85d elementor-widget elementor-widget-heading\" data-id=\"70a8e85d\" data-element_type=\"widget\" data-widget_type=\"heading.default\">\n\t\t\t\t<div class=\"elementor-widget-container\">\n\t\t\t<h2 class=\"elementor-heading-title elementor-size-default\">Trivsel och ordning<\/h2>\t\t<\/div>\n\t\t\t\t<\/div>\n\t\t\t\t<div class=\"elementor-element elementor-element-62c65a2a elementor-widget elementor-widget-text-editor\" data-id=\"62c65a2a\" data-element_type=\"widget\" data-widget_type=\"text-editor.default\">\n\t\t\t\t<div class=\"elementor-widget-container\">\n\t\t\t\t\t\t\t<p><strong>Active Sports Club\u2019s regler f\u00f6r din och andra medlemmars trivsel och f\u00f6r ordning<\/strong><\/p><ul><li>P\u00e5 Active Sports Club tr\u00e4nar alla m\u00e4nniskor alla \u00e5ldra vi v\u00e4rnar om alla m\u00e4nniskors lika v\u00e4rde. Active Sports Club kr\u00e4ver att medlemmar visar varandra h\u00e4nsyn och respekt oavsett k\u00f6n, k\u00f6ns\u00f6verskridande identitet, funktionsneds\u00e4ttning, etnisk tillh\u00f6righet, trosuppfattning, sexuell l\u00e4ggning eller \u00e5lder. Man f\u00e5r inte agera eller upptr\u00e4da p\u00e5 s\u00e4tt som kan upplevas som kr\u00e4nkande eller neds\u00e4ttande av andra i v\u00e5ra lokaler. Detta g\u00e4ller \u00e4ven ord, kroppsspr\u00e5k, kl\u00e4dsel och andra uttrycksformer.<br \/><br \/><\/li><li>Anv\u00e4nd alltid l\u00e4mpliga och rena tr\u00e4ningskl\u00e4der och inneskor n\u00e4r du tr\u00e4nar hos oss.<br \/><br \/><\/li><li>L\u00e5t alltid andra medlemmar som tr\u00e4nar anv\u00e4nda tr\u00e4ningsutrustningen n\u00e4r du sj\u00e4lv vilar. Visa h\u00e4nsyn och samsas om utrustningen.<br \/><br \/><\/li><li>Visa h\u00e4nsyn till medlemmar, grannar, personal, och v\u00e5r tr\u00e4ningsutrustning. Sl\u00e4pp eller sl\u00e4ng aldrig vikter i golvet och bete dig aktsamt.<br \/><br \/><\/li><li>Torka av tr\u00e4ningsutrustningen efter anv\u00e4ndning med papper och vatten fr\u00e5n spray\ufb02askor som du \ufb01nner runt om p\u00e5 tr\u00e4ningsanl\u00e4ggningen. F\u00f6r att spara p\u00e5 milj\u00f6n kan du ta med egen handduk.<br \/><br \/><\/li><li>L\u00e4gg tillbaka tr\u00e4ningsredskap och utrustning efter anv\u00e4ndning p\u00e5 avsedd plats.<\/li><li>Vid sen ankomst till grupptr\u00e4ning kan du nekas deltagande med h\u00e4nsyn till \u00f6vriga deltagare p\u00e5 tr\u00e4ningspasset.<br \/><br \/><\/li><li>Endast anst\u00e4llda instrukt\u00f6rer och personliga tr\u00e4nare hos Active Sports Club f\u00e5r tr\u00e4na och instruera medlemmar i Active Sports Club\u2019s lokaler.<br \/><br \/><\/li><li>Du f\u00e5r inte marknadsf\u00f6ra\/s\u00e4lja egna eller annans varor\/tj\u00e4nster i eller kring av Active Sports Club\u2019s f\u00f6rhyrda lokaler och parkeringsplatser.<br \/><br \/><\/li><li>Visa h\u00e4nsyn n\u00e4r du anv\u00e4nder din mobiltelefon. Den ska vara p\u00e5 ljudl\u00f6st, ockupera inte tr\u00e4ningsutrustning n\u00e4r du surfar eller sms:ar. Om du m\u00e5ste prata i telefonen vill vi att du visar h\u00e4nsyn till andra medlemmar p\u00e5 tr\u00e4ningsanl\u00e4ggningen.<br \/><br \/><\/li><li>Fotografering och \ufb01lmning i Active Sports Club\u2019s lokaler f\u00e5r enbart ske efter godk\u00e4nnande av ansvarig p\u00e5 tr\u00e4ningsanl\u00e4ggningen. Fotografering och \ufb01lmning f\u00f6r privat bruk \u00e4r d\u00e4remot till\u00e5tet s\u00e5 l\u00e4nge ingen annan medlem tar illa upp eller kommer med i bild. D\u00e4r f\u00f6rbudsskylt f\u00f6rekommer \u00e4r fotografering eller \ufb01lmning aldrig till\u00e5tet.<br \/><br \/><\/li><li>Det kan f\u00f6rekomma personal av det motsatta k\u00f6net i v\u00e5ra omkl\u00e4dningsrum. Om kvinnlig personal m\u00e5ste g\u00e5 in f\u00f6r att rondera eller st\u00e4da i herrarnas omkl\u00e4dningsrum, eller manlig personal i damernas, s\u00e5 aviseras detta innan de g\u00e5r in i omkl\u00e4dningsrum.<br \/><br \/><\/li><li>Rakning i duschen \u00e4r inte till\u00e5ten.<br \/><br \/><\/li><li>Anv\u00e4nd en handduk att sitta p\u00e5 n\u00e4r du bastar.<\/li><\/ul>\t\t\t\t\t\t<\/div>\n\t\t\t\t<\/div>\n\t\t\t\t<div class=\"elementor-element elementor-element-60c86a8f elementor-widget elementor-widget-heading\" data-id=\"60c86a8f\" data-element_type=\"widget\" data-widget_type=\"heading.default\">\n\t\t\t\t<div class=\"elementor-widget-container\">\n\t\t\t<h2 class=\"elementor-heading-title elementor-size-default\">Doping och droger \u2013 Absolut f\u00f6rbjudet p\u00e5 Active Sports Club<\/h2>\t\t<\/div>\n\t\t\t\t<\/div>\n\t\t\t\t<div class=\"elementor-element elementor-element-7bb0cc7d elementor-widget elementor-widget-text-editor\" data-id=\"7bb0cc7d\" data-element_type=\"widget\" data-widget_type=\"text-editor.default\">\n\t\t\t\t<div class=\"elementor-widget-container\">\n\t\t\t\t\t\t\t<p>Active Sports Club tar tydligt avst\u00e5nd fr\u00e5n doping och droger och har nolltolerans vad det g\u00e4ller dopingklassade preparat. Doping f\u00f6r Active Sports Club \u00e4r anv\u00e4ndande av prestationsh\u00f6jande medel, b\u00e5de illegala och legala, som de\ufb01nieras som dopingpreparat av World Anti-Doping Agency (WADA). Active Sports Club\u2019s antidopingpolicy f\u00f6rbjuder villkorsl\u00f6st anv\u00e4ndande av s\u00e5dana prestationsh\u00f6jande medel hos b\u00e5de medarbetare och medlemmar. En av Active Sports Club godk\u00e4nd tredje part har r\u00e4tt att i Active Sports Club\u2019s lokaler genomf\u00f6ra oannonserade dopingtester. Anv\u00e4ndning leder till omedelbar avst\u00e4ngning.<\/p>\t\t\t\t\t\t<\/div>\n\t\t\t\t<\/div>\n\t\t\t\t<div class=\"elementor-element elementor-element-434da862 elementor-widget elementor-widget-heading\" data-id=\"434da862\" data-element_type=\"widget\" data-widget_type=\"heading.default\">\n\t\t\t\t<div class=\"elementor-widget-container\">\n\t\t\t<h2 class=\"elementor-heading-title elementor-size-default\">Avst\u00e4ngning eller upps\u00e4gning av medlemskap<\/h2>\t\t<\/div>\n\t\t\t\t<\/div>\n\t\t\t\t<div class=\"elementor-element elementor-element-43b62eea elementor-widget elementor-widget-text-editor\" data-id=\"43b62eea\" data-element_type=\"widget\" data-widget_type=\"text-editor.default\">\n\t\t\t\t<div class=\"elementor-widget-container\">\n\t\t\t\t\t\t\t<p>Om du INTE f\u00f6ljer Active Sports Club\u2019s s\u00e4kerhets- och trivselregler?<br \/>Active Sports Club har r\u00e4tt att st\u00e4nga av dig som medlem f\u00f6r viss tid eller s\u00e4ga upp ditt medlemskap med omedelbar verkan om du bryter mot dessa s\u00e4kerhets- och trivselregler samt att en ordningsbot p\u00e5 1500kr uppr\u00e4ttas. Uppsagd medlems betalningsskyldighet f\u00f6r p\u00e5g\u00e5ende avtalsperiod best\u00e5r. Kontantkort \u00e5terbetalas ej.<\/p>\t\t\t\t\t\t<\/div>\n\t\t\t\t<\/div>\n\t\t\t\t\t<\/div>\n\t\t<\/div>\n\t\t\t\t\t<\/div>\n\t\t<\/section>\n\t\t\t\t<\/div>\n\t\t","protected":false},"excerpt":{"rendered":"<p>S\u00e4kerhets och trivselregler Som medlem p\u00e5 Active Sports Club ska du uppleva gl\u00e4dje, passion, personlighet, pro\ufb00sighet och gemenskap varje g\u00e5ng&hellip;<\/p>\n","protected":false},"author":1,"featured_media":0,"parent":0,"menu_order":0,"comment_status":"closed","ping_status":"closed","template":"elementor_header_footer","meta":{"footnotes":""},"acf":[],"_links":{"self":[{"href":"https:\/\/activesc.se\/solleftea\/wp-json\/wp\/v2\/pages\/911"}],"collection":[{"href":"https:\/\/activesc.se\/solleftea\/wp-json\/wp\/v2\/pages"}],"about":[{"href":"https:\/\/activesc.se\/solleftea\/wp-json\/wp\/v2\/types\/page"}],"author":[{"embeddable":true,"href":"https:\/\/activesc.se\/solleftea\/wp-json\/wp\/v2\/users\/1"}],"replies":[{"embeddable":true,"href":"https:\/\/activesc.se\/solleftea\/wp-json\/wp\/v2\/comments?post=911"}],"version-history":[{"count":21,"href":"https:\/\/activesc.se\/solleftea\/wp-json\/wp\/v2\/pages\/911\/revisions"}],"predecessor-version":[{"id":86888,"href":"https:\/\/activesc.se\/solleftea\/wp-json\/wp\/v2\/pages\/911\/revisions\/86888"}],"wp:attachment":[{"href":"https:\/\/activesc.se\/solleftea\/wp-json\/wp\/v2\/media?parent=911"}],"curies":[{"name":"wp","href":"https:\/\/api.w.org\/{rel}","templated":true}]}}