{"id":375,"date":"2018-04-11T22:27:17","date_gmt":"2018-04-11T20:27:17","guid":{"rendered":"https:\/\/activesc.se\/kramfors\/?page_id=375"},"modified":"2023-02-28T20:24:08","modified_gmt":"2023-02-28T19:24:08","slug":"uppsagning","status":"publish","type":"page","link":"https:\/\/activesc.se\/solleftea\/uppsagning\/","title":{"rendered":"Upps\u00e4gning"},"content":{"rendered":"\t\t<div data-elementor-type=\"wp-page\" data-elementor-id=\"375\" class=\"elementor elementor-375\" data-elementor-post-type=\"page\">\n\t\t\t\t\t\t<section class=\"elementor-section elementor-top-section elementor-element elementor-element-63b055dd elementor-section-full_width elementor-section-stretched elementor-section-height-default elementor-section-height-default\" data-id=\"63b055dd\" data-element_type=\"section\" data-settings=\"{&quot;stretch_section&quot;:&quot;section-stretched&quot;,&quot;background_background&quot;:&quot;classic&quot;}\">\n\t\t\t\t\t\t\t<div class=\"elementor-background-overlay\"><\/div>\n\t\t\t\t\t\t\t<div class=\"elementor-container elementor-column-gap-default\">\n\t\t\t\t\t<div class=\"elementor-column elementor-col-100 elementor-top-column elementor-element elementor-element-2d8f5eaf\" data-id=\"2d8f5eaf\" data-element_type=\"column\">\n\t\t\t<div class=\"elementor-widget-wrap elementor-element-populated\">\n\t\t\t\t\t\t<div class=\"elementor-element elementor-element-6f29ffd5 elementor-widget elementor-widget-heading\" data-id=\"6f29ffd5\" data-element_type=\"widget\" data-widget_type=\"heading.default\">\n\t\t\t\t<div class=\"elementor-widget-container\">\n\t\t\t<h3 class=\"elementor-heading-title elementor-size-default\">Upps\u00e4gning<\/h3>\t\t<\/div>\n\t\t\t\t<\/div>\n\t\t\t\t\t<\/div>\n\t\t<\/div>\n\t\t\t\t\t<\/div>\n\t\t<\/section>\n\t\t\t\t<section class=\"elementor-section elementor-top-section elementor-element elementor-element-11ab7d elementor-section-boxed elementor-section-height-default elementor-section-height-default\" data-id=\"11ab7d\" data-element_type=\"section\">\n\t\t\t\t\t\t<div class=\"elementor-container elementor-column-gap-wide\">\n\t\t\t\t\t<div class=\"elementor-column elementor-col-100 elementor-top-column elementor-element elementor-element-2b686aef\" data-id=\"2b686aef\" data-element_type=\"column\">\n\t\t\t<div class=\"elementor-widget-wrap elementor-element-populated\">\n\t\t\t\t\t\t<div class=\"elementor-element elementor-element-57d75c84 elementor-widget elementor-widget-heading\" data-id=\"57d75c84\" data-element_type=\"widget\" data-widget_type=\"heading.default\">\n\t\t\t\t<div class=\"elementor-widget-container\">\n\t\t\t<h3 class=\"elementor-heading-title elementor-size-default\">Vill du avsluta ditt medlemskap?<\/h3>\t\t<\/div>\n\t\t\t\t<\/div>\n\t\t\t\t<div class=\"elementor-element elementor-element-6367babf elementor-widget elementor-widget-heading\" data-id=\"6367babf\" data-element_type=\"widget\" data-widget_type=\"heading.default\">\n\t\t\t\t<div class=\"elementor-widget-container\">\n\t\t\t<h3 class=\"elementor-heading-title elementor-size-default\">D\u00e5 vill vi tacka f\u00f6r den h\u00e4r tiden tillsammans!<\/h3>\t\t<\/div>\n\t\t\t\t<\/div>\n\t\t\t\t\t<\/div>\n\t\t<\/div>\n\t\t\t\t\t<\/div>\n\t\t<\/section>\n\t\t\t\t<section class=\"elementor-section elementor-top-section elementor-element elementor-element-3c196813 elementor-section-boxed elementor-section-height-default elementor-section-height-default\" data-id=\"3c196813\" data-element_type=\"section\">\n\t\t\t\t\t\t<div class=\"elementor-container elementor-column-gap-no\">\n\t\t\t\t\t<div class=\"elementor-column elementor-col-100 elementor-top-column elementor-element elementor-element-7e2ffe63\" data-id=\"7e2ffe63\" data-element_type=\"column\">\n\t\t\t<div class=\"elementor-widget-wrap elementor-element-populated\">\n\t\t\t\t\t\t<div class=\"elementor-element elementor-element-43cea49c elementor-widget-divider--view-line_icon elementor-view-default elementor-widget-divider--element-align-center elementor-widget elementor-widget-divider\" data-id=\"43cea49c\" data-element_type=\"widget\" data-widget_type=\"divider.default\">\n\t\t\t\t<div class=\"elementor-widget-container\">\n\t\t\t\t\t<div class=\"elementor-divider\">\n\t\t\t<span class=\"elementor-divider-separator\">\n\t\t\t\t\t\t\t<div class=\"elementor-icon elementor-divider__element\">\n\t\t\t\t\t<i aria-hidden=\"true\" class=\"far fa-heart\"><\/i><\/div>\n\t\t\t\t\t\t<\/span>\n\t\t<\/div>\n\t\t\t\t<\/div>\n\t\t\t\t<\/div>\n\t\t\t\t\t<\/div>\n\t\t<\/div>\n\t\t\t\t\t<\/div>\n\t\t<\/section>\n\t\t\t\t<section class=\"elementor-section elementor-top-section elementor-element elementor-element-feec818 elementor-section-height-min-height elementor-section-items-stretch elementor-reverse-mobile elementor-section-boxed elementor-section-height-default\" data-id=\"feec818\" data-element_type=\"section\">\n\t\t\t\t\t\t<div class=\"elementor-container elementor-column-gap-wide\">\n\t\t\t\t\t<div class=\"elementor-column elementor-col-50 elementor-top-column elementor-element elementor-element-645f6afc\" data-id=\"645f6afc\" data-element_type=\"column\" data-settings=\"{&quot;background_background&quot;:&quot;gradient&quot;}\">\n\t\t\t<div class=\"elementor-widget-wrap elementor-element-populated\">\n\t\t\t\t\t\t<div class=\"elementor-element elementor-element-4f911e10 elementor-widget elementor-widget-heading\" data-id=\"4f911e10\" data-element_type=\"widget\" data-widget_type=\"heading.default\">\n\t\t\t\t<div class=\"elementor-widget-container\">\n\t\t\t<h3 class=\"elementor-heading-title elementor-size-default\">Anl\u00e4ggningar<\/h3>\t\t<\/div>\n\t\t\t\t<\/div>\n\t\t\t\t<div class=\"elementor-element elementor-element-251c7d6 elementor-widget elementor-widget-text-editor\" data-id=\"251c7d6\" data-element_type=\"widget\" data-widget_type=\"text-editor.default\">\n\t\t\t\t<div class=\"elementor-widget-container\">\n\t\t\t\t\t\t\t<ul><li><strong>Bolln\u00e4s<\/strong><br \/>bollnas@activesc.se<br \/><br \/><\/li><li><strong>Bruksvallarna<\/strong><br \/>bruksvallarna@activesc.se<br \/><br \/><\/li><li><strong>Kramfors<\/strong><br \/>kramfors@activesc.se<br \/><br \/><\/li><li><strong>Sollefte\u00e5<\/strong><br \/>solleftea@activesc.se<br \/><br \/><\/li><li><strong>S\u00e4len<\/strong><br \/>salen@activesc.se<br \/><br \/><\/li><li><strong>\u00d6stersund<\/strong><br \/>ostersund@activesc.se<\/li><\/ul>\t\t\t\t\t\t<\/div>\n\t\t\t\t<\/div>\n\t\t\t\t\t<\/div>\n\t\t<\/div>\n\t\t\t\t<div class=\"elementor-column elementor-col-50 elementor-top-column elementor-element elementor-element-66762ce8\" data-id=\"66762ce8\" data-element_type=\"column\">\n\t\t\t<div class=\"elementor-widget-wrap elementor-element-populated\">\n\t\t\t\t\t\t<div class=\"elementor-element elementor-element-2f759e86 elementor-widget elementor-widget-heading\" data-id=\"2f759e86\" data-element_type=\"widget\" data-widget_type=\"heading.default\">\n\t\t\t\t<div class=\"elementor-widget-container\">\n\t\t\t<h3 class=\"elementor-heading-title elementor-size-default\">Information<\/h3>\t\t<\/div>\n\t\t\t\t<\/div>\n\t\t\t\t<div class=\"elementor-element elementor-element-1051905e elementor-widget elementor-widget-text-editor\" data-id=\"1051905e\" data-element_type=\"widget\" data-widget_type=\"text-editor.default\">\n\t\t\t\t<div class=\"elementor-widget-container\">\n\t\t\t\t\t\t\t<p>Om du vill s\u00e4ga upp ditt medlemskap p\u00e5 Active Sports Club g\u00e4ller 3 hela kalenderm\u00e5naders upps\u00e4gningstid.<\/p><p>Har du k\u00f6pt ditt medlemskap efter den 31\/12 2022 g\u00e4ller 2 hela kalenderm\u00e5naders upps\u00e4gningstid!<\/p><p>Exempel:<br \/>\u2013 Du s\u00e4ger upp medlemskapet den 4e januari.<br \/>\u2013 3 hela kalenderm\u00e5naders upps\u00e4gningstid g\u00e4ller. (februari, mars, april)<br \/>\u2013 Du kommer att debiteras f\u00f6r dessa tre m\u00e5nader.<br \/>\u2013 Ditt medlemskap avslutas den 31 april.<\/p><p>Alla upps\u00e4gningar av medlemskap sker via mail till din anl\u00e4ggning!<\/p><p>Mailet skall inneh\u00e5lla f\u00f6ljande<\/p><p>F\u00f6r- och efternamn<br \/>Personnummer \/ F\u00f6delsedatum<br \/>Datum fr\u00e5n n\u00e4r upps\u00e4gning av medlemskap skall g\u00e4lla<br \/>Anledning<\/p>\t\t\t\t\t\t<\/div>\n\t\t\t\t<\/div>\n\t\t\t\t<div class=\"elementor-element elementor-element-5f326621 elementor-widget elementor-widget-spacer\" data-id=\"5f326621\" data-element_type=\"widget\" data-widget_type=\"spacer.default\">\n\t\t\t\t<div class=\"elementor-widget-container\">\n\t\t\t\t\t<div class=\"elementor-spacer\">\n\t\t\t<div class=\"elementor-spacer-inner\"><\/div>\n\t\t<\/div>\n\t\t\t\t<\/div>\n\t\t\t\t<\/div>\n\t\t\t\t\t<\/div>\n\t\t<\/div>\n\t\t\t\t\t<\/div>\n\t\t<\/section>\n\t\t\t\t<\/div>\n\t\t","protected":false},"excerpt":{"rendered":"<p>Upps\u00e4gning Vill du avsluta ditt medlemskap? D\u00e5 vill vi tacka f\u00f6r den h\u00e4r tiden tillsammans! Anl\u00e4ggningar Bolln\u00e4sbollnas@activesc.se Bruksvallarnabruksvallarna@activesc.se Kramforskramfors@activesc.se Sollefte\u00e5solleftea@activesc.se&hellip;<\/p>\n","protected":false},"author":1,"featured_media":0,"parent":0,"menu_order":0,"comment_status":"closed","ping_status":"closed","template":"elementor_header_footer","meta":{"footnotes":""},"acf":[],"_links":{"self":[{"href":"https:\/\/activesc.se\/solleftea\/wp-json\/wp\/v2\/pages\/375"}],"collection":[{"href":"https:\/\/activesc.se\/solleftea\/wp-json\/wp\/v2\/pages"}],"about":[{"href":"https:\/\/activesc.se\/solleftea\/wp-json\/wp\/v2\/types\/page"}],"author":[{"embeddable":true,"href":"https:\/\/activesc.se\/solleftea\/wp-json\/wp\/v2\/users\/1"}],"replies":[{"embeddable":true,"href":"https:\/\/activesc.se\/solleftea\/wp-json\/wp\/v2\/comments?post=375"}],"version-history":[{"count":22,"href":"https:\/\/activesc.se\/solleftea\/wp-json\/wp\/v2\/pages\/375\/revisions"}],"predecessor-version":[{"id":86804,"href":"https:\/\/activesc.se\/solleftea\/wp-json\/wp\/v2\/pages\/375\/revisions\/86804"}],"wp:attachment":[{"href":"https:\/\/activesc.se\/solleftea\/wp-json\/wp\/v2\/media?parent=375"}],"curies":[{"name":"wp","href":"https:\/\/api.w.org\/{rel}","templated":true}]}}