{"id":372,"date":"2018-04-11T22:21:30","date_gmt":"2018-04-11T20:21:30","guid":{"rendered":"https:\/\/activesc.se\/kramfors\/?page_id=372"},"modified":"2023-03-01T09:22:27","modified_gmt":"2023-03-01T08:22:27","slug":"dopingpolicy","status":"publish","type":"page","link":"https:\/\/activesc.se\/solleftea\/dopingpolicy\/","title":{"rendered":"Dopingpolicy"},"content":{"rendered":"\t\t<div data-elementor-type=\"wp-page\" data-elementor-id=\"372\" class=\"elementor elementor-372\" data-elementor-post-type=\"page\">\n\t\t\t\t\t\t<section class=\"elementor-section elementor-top-section elementor-element elementor-element-69a89c91 elementor-section-boxed elementor-section-height-default elementor-section-height-default\" data-id=\"69a89c91\" data-element_type=\"section\">\n\t\t\t\t\t\t<div class=\"elementor-container elementor-column-gap-default\">\n\t\t\t\t\t<div class=\"elementor-column elementor-col-100 elementor-top-column elementor-element elementor-element-4235a2db\" data-id=\"4235a2db\" data-element_type=\"column\">\n\t\t\t<div class=\"elementor-widget-wrap elementor-element-populated\">\n\t\t\t\t\t\t<div class=\"elementor-element elementor-element-6356141a elementor-widget elementor-widget-heading\" data-id=\"6356141a\" data-element_type=\"widget\" data-widget_type=\"heading.default\">\n\t\t\t\t<div class=\"elementor-widget-container\">\n\t\t\t<h2 class=\"elementor-heading-title elementor-size-default\">Dopingpolicy<\/h2>\t\t<\/div>\n\t\t\t\t<\/div>\n\t\t\t\t<div class=\"elementor-element elementor-element-68170fb8 elementor-widget elementor-widget-heading\" data-id=\"68170fb8\" data-element_type=\"widget\" data-widget_type=\"heading.default\">\n\t\t\t\t<div class=\"elementor-widget-container\">\n\t\t\t<h2 class=\"elementor-heading-title elementor-size-default\">V\u00e5r dopingpolicy<\/h2>\t\t<\/div>\n\t\t\t\t<\/div>\n\t\t\t\t<div class=\"elementor-element elementor-element-1155e91b elementor-widget elementor-widget-text-editor\" data-id=\"1155e91b\" data-element_type=\"widget\" data-widget_type=\"text-editor.default\">\n\t\t\t\t<div class=\"elementor-widget-container\">\n\t\t\t\t\t\t\t<p>\u2022 Vi f\u00f6ljer riksidrottsf\u00f6rbundet (RFs) normer och tar avst\u00e5nd fr\u00e5n alla former av doping och \u00e4r anslutna till n\u00e4tverket 100% ren h\u00e5rdtr\u00e4ning.<\/p><p>\u00a0<\/p><p>Vilket inneb\u00e4r : 2 \u00e5rs avst\u00e4ngning fr\u00e5n Active Sports Club och samtliga gym i n\u00e4tverket 100% ren h\u00e5rd tr\u00e4ning vid ertappning.<\/p><p>\u2022 Anv\u00e4ndning och\/eller f\u00f6rs\u00e4ljning av p\u00e5 RFs dopinglista f\u00f6rbjudna preparat eller liknande prestationsh\u00f6jande medel \u00e4r f\u00f6rbjudet och leder till f\u00f6rutom straff enligt Svensk lag, uteslutning fr\u00e5n Active Sports Club, ingen \u00e5terbetalning sker av tr\u00e4ningsavgift.<\/p><p>\u2022 Active Sports Club f\u00f6rbeh\u00e5ller sig r\u00e4tten att oanm\u00e4lt iscens\u00e4tta i samverkan med Polismyndigheten dopingkontroll. V\u00e4gran att delta i dopingkontroll kan leda till uteslutning fr\u00e5n Acitive Sports Club utan \u00e5terbetalning av tr\u00e4ningsavgift.<\/p><p>Vi grundar v\u00e5r policy p\u00e5 f\u00f6ljande:<\/p><p>Doping \u00e4r farligt och inneb\u00e4r stora h\u00e4lsorisker f\u00f6r m\u00e4nniskan och strider mot medicinsk och idrottslig etik.<\/p><p>Det \u00e4r olagligt att anv\u00e4nda och att s\u00e4lja dopingklassade medel kan leda till tv\u00e5 \u00e5rs f\u00e4ngelse.<\/p><p>H\u00f6r eller ser du n\u00e5got som liknar anv\u00e4ndning eller distribution av dopingpreparat kontakta oss p\u00e5, info@activesc.se<\/p><p>Tack!<\/p>\t\t\t\t\t\t<\/div>\n\t\t\t\t<\/div>\n\t\t\t\t\t<\/div>\n\t\t<\/div>\n\t\t\t\t\t<\/div>\n\t\t<\/section>\n\t\t\t\t<\/div>\n\t\t","protected":false},"excerpt":{"rendered":"<p>Dopingpolicy V\u00e5r dopingpolicy \u2022 Vi f\u00f6ljer riksidrottsf\u00f6rbundet (RFs) normer och tar avst\u00e5nd fr\u00e5n alla former av doping och \u00e4r anslutna&hellip;<\/p>\n","protected":false},"author":1,"featured_media":0,"parent":0,"menu_order":0,"comment_status":"closed","ping_status":"closed","template":"elementor_header_footer","meta":{"footnotes":""},"acf":[],"_links":{"self":[{"href":"https:\/\/activesc.se\/solleftea\/wp-json\/wp\/v2\/pages\/372"}],"collection":[{"href":"https:\/\/activesc.se\/solleftea\/wp-json\/wp\/v2\/pages"}],"about":[{"href":"https:\/\/activesc.se\/solleftea\/wp-json\/wp\/v2\/types\/page"}],"author":[{"embeddable":true,"href":"https:\/\/activesc.se\/solleftea\/wp-json\/wp\/v2\/users\/1"}],"replies":[{"embeddable":true,"href":"https:\/\/activesc.se\/solleftea\/wp-json\/wp\/v2\/comments?post=372"}],"version-history":[{"count":17,"href":"https:\/\/activesc.se\/solleftea\/wp-json\/wp\/v2\/pages\/372\/revisions"}],"predecessor-version":[{"id":86955,"href":"https:\/\/activesc.se\/solleftea\/wp-json\/wp\/v2\/pages\/372\/revisions\/86955"}],"wp:attachment":[{"href":"https:\/\/activesc.se\/solleftea\/wp-json\/wp\/v2\/media?parent=372"}],"curies":[{"name":"wp","href":"https:\/\/api.w.org\/{rel}","templated":true}]}}