{"id":86918,"date":"2023-03-02T17:57:29","date_gmt":"2023-03-02T16:57:29","guid":{"rendered":"https:\/\/activesc.se\/kramfors\/?page_id=86918"},"modified":"2023-03-02T17:58:30","modified_gmt":"2023-03-02T16:58:30","slug":"vi-koper-din-uppsagningstid-2","status":"publish","type":"page","link":"https:\/\/activesc.se\/kramfors\/vi-koper-din-uppsagningstid-2\/","title":{"rendered":"Vi k\u00f6per din upps\u00e4gningstid"},"content":{"rendered":"\t\t<div data-elementor-type=\"wp-page\" data-elementor-id=\"86918\" class=\"elementor elementor-86918\" data-elementor-post-type=\"page\">\n\t\t\t\t\t\t<section class=\"elementor-section elementor-top-section elementor-element elementor-element-630d169f elementor-section-full_width elementor-section-height-default elementor-section-height-default\" data-id=\"630d169f\" data-element_type=\"section\" data-settings=\"{&quot;background_background&quot;:&quot;classic&quot;}\">\n\t\t\t\t\t\t\t<div class=\"elementor-background-overlay\"><\/div>\n\t\t\t\t\t\t\t<div class=\"elementor-container elementor-column-gap-wide\">\n\t\t\t\t\t<div class=\"elementor-column elementor-col-100 elementor-top-column elementor-element elementor-element-2fccbe36\" data-id=\"2fccbe36\" data-element_type=\"column\">\n\t\t\t<div class=\"elementor-widget-wrap elementor-element-populated\">\n\t\t\t\t\t\t<div class=\"elementor-element elementor-element-19b87a68 elementor-widget elementor-widget-template\" data-id=\"19b87a68\" data-element_type=\"widget\" data-widget_type=\"template.default\">\n\t\t\t\t<div class=\"elementor-widget-container\">\n\t\t\t\t\t<div class=\"elementor-template\">\n\t\t\t\t\t<\/div>\n\t\t\t\t<\/div>\n\t\t\t\t<\/div>\n\t\t\t\t<div class=\"elementor-element elementor-element-10cbd11e elementor-widget elementor-widget-heading\" data-id=\"10cbd11e\" data-element_type=\"widget\" data-widget_type=\"heading.default\">\n\t\t\t\t<div class=\"elementor-widget-container\">\n\t\t\t<h3 class=\"elementor-heading-title elementor-size-default\">Vill du b\u00f6rja tr\u00e4na hos oss?<\/h3>\t\t<\/div>\n\t\t\t\t<\/div>\n\t\t\t\t\t<\/div>\n\t\t<\/div>\n\t\t\t\t\t<\/div>\n\t\t<\/section>\n\t\t\t\t<section class=\"elementor-section elementor-top-section elementor-element elementor-element-91e7dc2 elementor-section-height-min-height elementor-section-items-stretch elementor-section-boxed elementor-section-height-default\" data-id=\"91e7dc2\" data-element_type=\"section\">\n\t\t\t\t\t\t<div class=\"elementor-container elementor-column-gap-wide\">\n\t\t\t\t\t<div class=\"elementor-column elementor-col-50 elementor-top-column elementor-element elementor-element-a7f3ba5\" data-id=\"a7f3ba5\" data-element_type=\"column\">\n\t\t\t<div class=\"elementor-widget-wrap elementor-element-populated\">\n\t\t\t\t\t\t<div class=\"elementor-element elementor-element-386dc25e elementor-widget elementor-widget-image\" data-id=\"386dc25e\" data-element_type=\"widget\" data-widget_type=\"image.default\">\n\t\t\t\t<div class=\"elementor-widget-container\">\n\t\t\t\t\t\t\t\t\t\t\t\t\t<img decoding=\"async\" src=\"https:\/\/activesc.se\/kramfors\/wp-content\/uploads\/sites\/2\/elementor\/thumbs\/3d029-q2x0vp60fthbn1ciyhuz4dlmk63qqgpkjd41z83k14.jpg\" title=\"3d029.jpg\" alt=\"3d029.jpg\" loading=\"lazy\" \/>\t\t\t\t\t\t\t\t\t\t\t\t\t<\/div>\n\t\t\t\t<\/div>\n\t\t\t\t\t<\/div>\n\t\t<\/div>\n\t\t\t\t<div class=\"elementor-column elementor-col-50 elementor-top-column elementor-element elementor-element-2ded02d5\" data-id=\"2ded02d5\" data-element_type=\"column\">\n\t\t\t<div class=\"elementor-widget-wrap elementor-element-populated\">\n\t\t\t\t\t\t<div class=\"elementor-element elementor-element-68354a44 elementor-widget elementor-widget-heading\" data-id=\"68354a44\" data-element_type=\"widget\" data-widget_type=\"heading.default\">\n\t\t\t\t<div class=\"elementor-widget-container\">\n\t\t\t<h4 class=\"elementor-heading-title elementor-size-default\">Vi k\u00f6per din upps\u00e4gningstid<\/h4>\t\t<\/div>\n\t\t\t\t<\/div>\n\t\t\t\t<div class=\"elementor-element elementor-element-792551c elementor-widget elementor-widget-spacer\" data-id=\"792551c\" data-element_type=\"widget\" data-widget_type=\"spacer.default\">\n\t\t\t\t<div class=\"elementor-widget-container\">\n\t\t\t\t\t<div class=\"elementor-spacer\">\n\t\t\t<div class=\"elementor-spacer-inner\"><\/div>\n\t\t<\/div>\n\t\t\t\t<\/div>\n\t\t\t\t<\/div>\n\t\t\t\t<div class=\"elementor-element elementor-element-58e90693 elementor-widget elementor-widget-heading\" data-id=\"58e90693\" data-element_type=\"widget\" data-widget_type=\"heading.default\">\n\t\t\t\t<div class=\"elementor-widget-container\">\n\t\t\t<h1 class=\"elementor-heading-title elementor-size-default\">Om du har upps\u00e4gnings- eller bindningstid p\u00e5 ditt nuvarande gym men vill b\u00f6rja tr\u00e4na hos oss, d\u00e5 k\u00f6per vi upp den tiden (upp till 3 m\u00e5nader)\n\nDetta g\u00e4ller vid tecknande av \u00e5rskort eller autogiro 12 m\u00e5nader. \n<br>\n<br>\nVi beh\u00f6ver ett upps\u00e4gningskvitto \/ bekr\u00e4ftelse fr\u00e5n ditt nuvarande gym. Detta kan du maila in till oss eller visa p\u00e5 bemannade tider. \n<br>\n<br>\nVid k\u00f6p av \u00e5rskort f\u00e5r du 12 m\u00e5nader + upp till tre m\u00e5nader. Vid autogiro \u00e4r det gratis under de f\u00f6rsta m\u00e5naderna (upp till 3 m\u00e5nader) d\u00e4refter 12 m\u00e5naders bindningstid.<\/h1>\t\t<\/div>\n\t\t\t\t<\/div>\n\t\t\t\t\t<\/div>\n\t\t<\/div>\n\t\t\t\t\t<\/div>\n\t\t<\/section>\n\t\t\t\t<section class=\"elementor-section elementor-top-section elementor-element elementor-element-37205731 elementor-section-full_width elementor-section-height-default elementor-section-height-default\" data-id=\"37205731\" data-element_type=\"section\">\n\t\t\t\t\t\t<div class=\"elementor-container elementor-column-gap-no\">\n\t\t\t\t\t<div class=\"elementor-column elementor-col-100 elementor-top-column elementor-element elementor-element-5dd2373a\" data-id=\"5dd2373a\" data-element_type=\"column\">\n\t\t\t<div class=\"elementor-widget-wrap elementor-element-populated\">\n\t\t\t\t\t\t<div class=\"elementor-element elementor-element-b24c0e elementor-widget elementor-widget-template\" data-id=\"b24c0e\" data-element_type=\"widget\" data-widget_type=\"template.default\">\n\t\t\t\t<div class=\"elementor-widget-container\">\n\t\t\t\t\t<div class=\"elementor-template\">\n\t\t\t\t\t<\/div>\n\t\t\t\t<\/div>\n\t\t\t\t<\/div>\n\t\t\t\t\t<\/div>\n\t\t<\/div>\n\t\t\t\t\t<\/div>\n\t\t<\/section>\n\t\t\t\t<section class=\"elementor-section elementor-top-section elementor-element elementor-element-26ebe4d8 elementor-section-full_width elementor-section-height-default elementor-section-height-default\" data-id=\"26ebe4d8\" data-element_type=\"section\">\n\t\t\t\t\t\t<div class=\"elementor-container elementor-column-gap-no\">\n\t\t\t\t\t<div class=\"elementor-column elementor-col-100 elementor-top-column elementor-element elementor-element-620059d0\" data-id=\"620059d0\" data-element_type=\"column\">\n\t\t\t<div class=\"elementor-widget-wrap\">\n\t\t\t\t\t\t\t<\/div>\n\t\t<\/div>\n\t\t\t\t\t<\/div>\n\t\t<\/section>\n\t\t\t\t<section class=\"elementor-section elementor-top-section elementor-element elementor-element-4574dd36 elementor-section-full_width elementor-section-height-default elementor-section-height-default\" data-id=\"4574dd36\" data-element_type=\"section\">\n\t\t\t\t\t\t<div class=\"elementor-container elementor-column-gap-no\">\n\t\t\t\t\t<div class=\"elementor-column elementor-col-100 elementor-top-column elementor-element elementor-element-3f8dd3df\" data-id=\"3f8dd3df\" data-element_type=\"column\">\n\t\t\t<div class=\"elementor-widget-wrap elementor-element-populated\">\n\t\t\t\t\t\t<div class=\"elementor-element elementor-element-5b29f71a elementor-widget elementor-widget-template\" data-id=\"5b29f71a\" data-element_type=\"widget\" data-widget_type=\"template.default\">\n\t\t\t\t<div class=\"elementor-widget-container\">\n\t\t\t\t\t<div class=\"elementor-template\">\n\t\t\t\t\t<\/div>\n\t\t\t\t<\/div>\n\t\t\t\t<\/div>\n\t\t\t\t\t<\/div>\n\t\t<\/div>\n\t\t\t\t\t<\/div>\n\t\t<\/section>\n\t\t\t\t<\/div>\n\t\t","protected":false},"excerpt":{"rendered":"<p>Vill du b\u00f6rja tr\u00e4na hos oss? Vi k\u00f6per din upps\u00e4gningstid Om du har upps\u00e4gnings- eller bindningstid p\u00e5 ditt nuvarande gym&hellip;<\/p>\n","protected":false},"author":1,"featured_media":0,"parent":0,"menu_order":0,"comment_status":"closed","ping_status":"closed","template":"elementor_header_footer","meta":{"footnotes":""},"acf":[],"_links":{"self":[{"href":"https:\/\/activesc.se\/kramfors\/wp-json\/wp\/v2\/pages\/86918"}],"collection":[{"href":"https:\/\/activesc.se\/kramfors\/wp-json\/wp\/v2\/pages"}],"about":[{"href":"https:\/\/activesc.se\/kramfors\/wp-json\/wp\/v2\/types\/page"}],"author":[{"embeddable":true,"href":"https:\/\/activesc.se\/kramfors\/wp-json\/wp\/v2\/users\/1"}],"replies":[{"embeddable":true,"href":"https:\/\/activesc.se\/kramfors\/wp-json\/wp\/v2\/comments?post=86918"}],"version-history":[{"count":10,"href":"https:\/\/activesc.se\/kramfors\/wp-json\/wp\/v2\/pages\/86918\/revisions"}],"predecessor-version":[{"id":86928,"href":"https:\/\/activesc.se\/kramfors\/wp-json\/wp\/v2\/pages\/86918\/revisions\/86928"}],"wp:attachment":[{"href":"https:\/\/activesc.se\/kramfors\/wp-json\/wp\/v2\/media?parent=86918"}],"curies":[{"name":"wp","href":"https:\/\/api.w.org\/{rel}","templated":true}]}}